{"id":2340,"date":"2024-04-15T15:06:42","date_gmt":"2024-04-15T19:06:42","guid":{"rendered":"https:\/\/conferences.sta.uwi.edu\/occc\/?page_id=2340"},"modified":"2024-04-16T14:39:24","modified_gmt":"2024-04-16T18:39:24","slug":"dr-myriam-moise","status":"publish","type":"page","link":"https:\/\/conferences.sta.uwi.edu\/occc\/dr-myriam-moise\/","title":{"rendered":"Dr. Myriam Mo\u00efse"},"content":{"rendered":"\t\t<div data-elementor-type=\"wp-page\" data-elementor-id=\"2340\" class=\"elementor elementor-2340\">\n\t\t\t\t\t\t<section class=\"elementor-section elementor-top-section elementor-element elementor-element-59d2710 elementor-section-boxed elementor-section-height-default elementor-section-height-default\" data-id=\"59d2710\" data-element_type=\"section\" data-e-type=\"section\">\n\t\t\t\t\t\t<div class=\"elementor-container elementor-column-gap-default\">\n\t\t\t\t\t<div class=\"elementor-column elementor-col-100 elementor-top-column elementor-element elementor-element-a099fb8\" data-id=\"a099fb8\" data-element_type=\"column\" data-e-type=\"column\">\n\t\t\t<div class=\"elementor-widget-wrap elementor-element-populated\">\n\t\t\t\t\t\t<div class=\"elementor-element elementor-element-d570d41 eael-team-align-eael-team-align-default elementor-widget elementor-widget-eael-team-member\" data-id=\"d570d41\" data-element_type=\"widget\" data-e-type=\"widget\" data-widget_type=\"eael-team-member.default\">\n\t\t\t\t<div class=\"elementor-widget-container\">\n\t\t\t\t\t\n\n\t<div id=\"eael-team-member-d570d41\" class=\"eael-team-item eael-team-members-simple \">\n\t\t<div class=\"eael-team-item-inner\">\n\t\t\t<div class=\"eael-team-image\">\n\t\t\t\t<figure>\n\t\t\t\t\t\t\t\t\t\t<img decoding=\"async\" src=\"https:\/\/conferences.sta.uwi.edu\/occc\/wp-content\/uploads\/2024\/04\/myriam-moise.jpg\" alt=\"\">\n\t\t\t\t\t\t\t\t\t<\/figure>\n\t\t\t\t\n\t\t\t\t\n\t\t\t<\/div>\n\n\t\t\t<div class=\"eael-team-content\">\n\t\t\t\t<h2 class=\"eael-team-member-name\">Dr. Myriam Mo\u00efse<\/h2><h3 class=\"eael-team-member-position\">Associate Professor of English  <\/h3>\n\t\t\t\t\t\t\t\t\t\t\t\t\t\t<p class=\"eael-team-text\">Myriam Mo\u00efse is an Associate Professor of English at Universit\u00e9 des Antilles in Martinique and is a researcher at LC2S, the Caribbean Social Sciences Research Lab (CNRS-UMR 8053). Her expertise spans Postcolonial Studies, Gender Studies, and Discourse Analysis, focusing on the literary and artistic contributions of women of African Caribbean descent in North America. Her work has been published in esteemed journals such as Commonwealth Essays and Studies, PoCo Pages, and Routledge Atlantic Studies. Actively engaged in academic societies, she is an affiliated member of ACWWS and an active member of SAES in France. Dr. Mo\u00efse's international research collaborations include visiting fellowships at New York University, Brown University, and University College London. Currently, she is engaged in research initiatives, including a Partner University Fund Project between Universit\u00e9 des Antilles and Louisiana State University on the representation of slavery by contemporary artists and writers across the French Caribbean and Louisiana.<\/p>\n\t\t\t\t\t\t\t<\/div>\n\t\t<\/div>\n\t<\/div>\n\t\t\t\t\t<\/div>\n\t\t\t\t<\/div>\n\t\t\t\t\t<\/div>\n\t\t<\/div>\n\t\t\t\t\t<\/div>\n\t\t<\/section>\n\t\t\t\t<\/div>\n\t\t","protected":false},"excerpt":{"rendered":"<p>Dr. Myriam Mo\u00efse Associate Professor of English Myriam Mo\u00efse is an Associate Professor of English at Universit\u00e9 des Antilles in Martinique and is a researcher at LC2S, the Caribbean Social Sciences Research Lab (CNRS-UMR 8053). Her expertise spans Postcolonial Studies, Gender Studies, and Discourse Analysis, focusing on the literary and artistic contributions of women of [&hellip;]<\/p>\n","protected":false},"author":5,"featured_media":0,"parent":0,"menu_order":0,"comment_status":"closed","ping_status":"closed","template":"","meta":{"site-sidebar-layout":"no-sidebar","site-content-layout":"page-builder","ast-site-content-layout":"full-width-container","site-content-style":"default","site-sidebar-style":"default","ast-global-header-display":"","ast-banner-title-visibility":"","ast-main-header-display":"","ast-hfb-above-header-display":"","ast-hfb-below-header-display":"","ast-hfb-mobile-header-display":"","site-post-title":"disabled","ast-breadcrumbs-content":"","ast-featured-img":"disabled","footer-sml-layout":"","ast-disable-related-posts":"","theme-transparent-header-meta":"","adv-header-id-meta":"","stick-header-meta":"","header-above-stick-meta":"","header-main-stick-meta":"","header-below-stick-meta":"","astra-migrate-meta-layouts":"set","ast-page-background-enabled":"default","ast-page-background-meta":{"desktop":{"background-color":"var(--ast-global-color-4)","background-image":"","background-repeat":"repeat","background-position":"center center","background-size":"auto","background-attachment":"scroll","background-type":"","background-media":"","overlay-type":"","overlay-color":"","overlay-opacity":"","overlay-gradient":""},"tablet":{"background-color":"","background-image":"","background-repeat":"repeat","background-position":"center center","background-size":"auto","background-attachment":"scroll","background-type":"","background-media":"","overlay-type":"","overlay-color":"","overlay-opacity":"","overlay-gradient":""},"mobile":{"background-color":"","background-image":"","background-repeat":"repeat","background-position":"center center","background-size":"auto","background-attachment":"scroll","background-type":"","background-media":"","overlay-type":"","overlay-color":"","overlay-opacity":"","overlay-gradient":""}},"ast-content-background-meta":{"desktop":{"background-color":"var(--ast-global-color-5)","background-image":"","background-repeat":"repeat","background-position":"center center","background-size":"auto","background-attachment":"scroll","background-type":"","background-media":"","overlay-type":"","overlay-color":"","overlay-opacity":"","overlay-gradient":""},"tablet":{"background-color":"var(--ast-global-color-5)","background-image":"","background-repeat":"repeat","background-position":"center center","background-size":"auto","background-attachment":"scroll","background-type":"","background-media":"","overlay-type":"","overlay-color":"","overlay-opacity":"","overlay-gradient":""},"mobile":{"background-color":"var(--ast-global-color-5)","background-image":"","background-repeat":"repeat","background-position":"center center","background-size":"auto","background-attachment":"scroll","background-type":"","background-media":"","overlay-type":"","overlay-color":"","overlay-opacity":"","overlay-gradient":""}},"footnotes":""},"class_list":["post-2340","page","type-page","status-publish","hentry"],"_links":{"self":[{"href":"https:\/\/conferences.sta.uwi.edu\/occc\/wp-json\/wp\/v2\/pages\/2340","targetHints":{"allow":["GET"]}}],"collection":[{"href":"https:\/\/conferences.sta.uwi.edu\/occc\/wp-json\/wp\/v2\/pages"}],"about":[{"href":"https:\/\/conferences.sta.uwi.edu\/occc\/wp-json\/wp\/v2\/types\/page"}],"author":[{"embeddable":true,"href":"https:\/\/conferences.sta.uwi.edu\/occc\/wp-json\/wp\/v2\/users\/5"}],"replies":[{"embeddable":true,"href":"https:\/\/conferences.sta.uwi.edu\/occc\/wp-json\/wp\/v2\/comments?post=2340"}],"version-history":[{"count":4,"href":"https:\/\/conferences.sta.uwi.edu\/occc\/wp-json\/wp\/v2\/pages\/2340\/revisions"}],"predecessor-version":[{"id":2364,"href":"https:\/\/conferences.sta.uwi.edu\/occc\/wp-json\/wp\/v2\/pages\/2340\/revisions\/2364"}],"wp:attachment":[{"href":"https:\/\/conferences.sta.uwi.edu\/occc\/wp-json\/wp\/v2\/media?parent=2340"}],"curies":[{"name":"wp","href":"https:\/\/api.w.org\/{rel}","templated":true}]}}